{"id":1063,"date":"2018-01-31T16:05:16","date_gmt":"2018-01-31T16:05:16","guid":{"rendered":"http:\/\/invistanoporto.com.br\/novo\/?page_id=1063"},"modified":"2018-01-31T16:07:03","modified_gmt":"2018-01-31T16:07:03","slug":"contato-2","status":"publish","type":"page","link":"http:\/\/invistanoporto.com.br\/novo\/contato-2\/","title":{"rendered":"Contato"},"content":{"rendered":"<h3>Fale Conosco agora mesmo.<br \/>\nTeremos prazer em trazer para voc\u00ea o melhor de nossa sele\u00e7\u00e3o.<\/h3>\n<h3>Tel.: 21 983036151 (WhatsApp)<\/h3>\n\n<div class=\"wpcf7 no-js\" id=\"wpcf7-f1059-o1\" lang=\"pt-BR\" dir=\"ltr\" data-wpcf7-id=\"1059\">\n<div class=\"screen-reader-response\"><p role=\"status\" aria-live=\"polite\" aria-atomic=\"true\"><\/p> <ul><\/ul><\/div>\n<form action=\"\/novo\/wp-json\/wp\/v2\/pages\/1063#wpcf7-f1059-o1\" method=\"post\" class=\"wpcf7-form init\" aria-label=\"Contact form\" novalidate=\"novalidate\" data-status=\"init\">\n<div style=\"display: none;\">\n<input type=\"hidden\" name=\"_wpcf7\" value=\"1059\" \/>\n<input type=\"hidden\" name=\"_wpcf7_version\" value=\"6.0.6\" \/>\n<input type=\"hidden\" name=\"_wpcf7_locale\" value=\"pt_BR\" \/>\n<input type=\"hidden\" name=\"_wpcf7_unit_tag\" value=\"wpcf7-f1059-o1\" \/>\n<input type=\"hidden\" name=\"_wpcf7_container_post\" value=\"0\" \/>\n<input type=\"hidden\" name=\"_wpcf7_posted_data_hash\" value=\"\" \/>\n<\/div>\n<p><label> Seu nome (obrigat\u00f3rio)<br \/>\n<span class=\"wpcf7-form-control-wrap\" data-name=\"your-name\"><input size=\"40\" maxlength=\"400\" class=\"wpcf7-form-control wpcf7-text wpcf7-validates-as-required\" aria-required=\"true\" aria-invalid=\"false\" value=\"\" type=\"text\" name=\"your-name\" \/><\/span> <\/label>\n<\/p>\n<p><label> Seu e-mail (obrigat\u00f3rio)<br \/>\n<span class=\"wpcf7-form-control-wrap\" data-name=\"your-email\"><input size=\"40\" maxlength=\"400\" class=\"wpcf7-form-control wpcf7-email wpcf7-validates-as-required wpcf7-text wpcf7-validates-as-email\" aria-required=\"true\" aria-invalid=\"false\" value=\"\" type=\"email\" name=\"your-email\" \/><\/span> <\/label>\n<\/p>\n<p><label> Assunto<br \/>\n<span class=\"wpcf7-form-control-wrap\" data-name=\"your-subject\"><input size=\"40\" maxlength=\"400\" class=\"wpcf7-form-control wpcf7-text\" aria-invalid=\"false\" value=\"\" type=\"text\" name=\"your-subject\" \/><\/span> <\/label>\n<\/p>\n<p><label> Sua mensagem<br \/>\n<span class=\"wpcf7-form-control-wrap\" data-name=\"your-message\"><textarea cols=\"40\" rows=\"10\" maxlength=\"2000\" class=\"wpcf7-form-control wpcf7-textarea\" aria-invalid=\"false\" name=\"your-message\"><\/textarea><\/span> <\/label>\n<\/p>\n<p><input class=\"wpcf7-form-control wpcf7-submit has-spinner\" type=\"submit\" value=\"Enviar\" \/>\n<\/p><div class=\"wpcf7-response-output\" aria-hidden=\"true\"><\/div>\n<\/form>\n<\/div>\n\n<p>&nbsp;<\/p>\n","protected":false},"excerpt":{"rendered":"<p>Fale Conosco agora mesmo. Teremos prazer em trazer para voc\u00ea o melhor de nossa sele\u00e7\u00e3o. Tel.: 21 983036151 (WhatsApp) &nbsp;<\/p>\n","protected":false},"author":1,"featured_media":0,"parent":0,"menu_order":0,"comment_status":"closed","ping_status":"closed","template":"","meta":{"_acf_changed":false,"footnotes":""},"class_list":["post-1063","page","type-page","status-publish","hentry"],"acf":[],"_links":{"self":[{"href":"http:\/\/invistanoporto.com.br\/novo\/wp-json\/wp\/v2\/pages\/1063","targetHints":{"allow":["GET"]}}],"collection":[{"href":"http:\/\/invistanoporto.com.br\/novo\/wp-json\/wp\/v2\/pages"}],"about":[{"href":"http:\/\/invistanoporto.com.br\/novo\/wp-json\/wp\/v2\/types\/page"}],"author":[{"embeddable":true,"href":"http:\/\/invistanoporto.com.br\/novo\/wp-json\/wp\/v2\/users\/1"}],"replies":[{"embeddable":true,"href":"http:\/\/invistanoporto.com.br\/novo\/wp-json\/wp\/v2\/comments?post=1063"}],"version-history":[{"count":2,"href":"http:\/\/invistanoporto.com.br\/novo\/wp-json\/wp\/v2\/pages\/1063\/revisions"}],"predecessor-version":[{"id":1065,"href":"http:\/\/invistanoporto.com.br\/novo\/wp-json\/wp\/v2\/pages\/1063\/revisions\/1065"}],"wp:attachment":[{"href":"http:\/\/invistanoporto.com.br\/novo\/wp-json\/wp\/v2\/media?parent=1063"}],"curies":[{"name":"wp","href":"https:\/\/api.w.org\/{rel}","templated":true}]}}