{"id":1055,"date":"2016-09-12T14:22:58","date_gmt":"2016-09-12T14:22:58","guid":{"rendered":"http:\/\/invistanoporto.com.br\/novo\/?page_id=1055"},"modified":"2016-09-12T14:29:50","modified_gmt":"2016-09-12T14:29:50","slug":"lista-posts","status":"publish","type":"page","link":"http:\/\/invistanoporto.com.br\/novo\/lista-posts\/","title":{"rendered":"Lista Posts"},"content":{"rendered":"<div class=\"pt-cv-wrapper\"><div class=\"pt-cv-view pt-cv-grid pt-cv-colsys\" id=\"pt-cv-view-a0d64fcwfy\"><div data-id=\"pt-cv-page-1\" class=\"pt-cv-page\" data-cvc=\"2\"><div class=\"col-md-6 col-sm-6 col-xs-12 pt-cv-content-item pt-cv-1-col\" ><div class='pt-cv-ifield'><a href=\"http:\/\/invistanoporto.com.br\/novo\/2013\/09\/10\/porto-1-rio-corporate\/\" class=\"_self pt-cv-href-thumbnail pt-cv-thumb-default\" target=\"_self\" ><img loading=\"lazy\" decoding=\"async\" width=\"285\" height=\"192\" src=\"http:\/\/invistanoporto.com.br\/novo\/wp-content\/uploads\/2013\/09\/image001-300x192-285x192.jpg\" class=\"pt-cv-thumbnail\" alt=\"\" \/><\/a>\n<h4 class=\"pt-cv-title\"><a href=\"http:\/\/invistanoporto.com.br\/novo\/2013\/09\/10\/porto-1-rio-corporate\/\" class=\"_self\" target=\"_self\" >Porto 1 Rio Corporate<\/a><\/h4>\n<div class=\"pt-cv-content\">Espa\u00e7os Corporativos na Porta de Entrada do novo Polo de Neg\u00f3cios do Rio - Porto 1 Rio Corporate. S\u00e3o 32 espa\u00e7os corporativas de 525,76 a 643,46m\u00b2 com flexibilidade para diversos perfis de neg\u00f3cios (com possibilidade ...<br \/><div class=\"pt-cv-rmwrap\"><a href=\"http:\/\/invistanoporto.com.br\/novo\/2013\/09\/10\/porto-1-rio-corporate\/\" class=\"_self pt-cv-readmore btn btn-success\" target=\"_self\">Saiba Mais<\/a><\/div><\/div><\/div><\/div>\n<div class=\"col-md-6 col-sm-6 col-xs-12 pt-cv-content-item pt-cv-1-col\" ><div class='pt-cv-ifield'><a href=\"http:\/\/invistanoporto.com.br\/novo\/2013\/08\/14\/torre-lidador\/\" class=\"_self pt-cv-href-thumbnail pt-cv-thumb-default\" target=\"_self\" ><img loading=\"lazy\" decoding=\"async\" width=\"285\" height=\"214\" src=\"http:\/\/invistanoporto.com.br\/novo\/wp-content\/uploads\/2013\/08\/lidador2-285x214.jpg\" class=\"pt-cv-thumbnail\" alt=\"\" \/><\/a>\n<h4 class=\"pt-cv-title\"><a href=\"http:\/\/invistanoporto.com.br\/novo\/2013\/08\/14\/torre-lidador\/\" class=\"_self\" target=\"_self\" >Torre Lidador<\/a><\/h4>\n<div class=\"pt-cv-content\">Chegou o Tore Lidador, no eixo comercial do Centro do da Cidade. Junto ao For\u00fam, esta\u00e7\u00e3o de Metr\u00f4 da carioca, futuras esta\u00e7\u00f5es do VLT e estacionamento Menezes Cortes. O Globo: Pr\u00e9dio da Lidador dar\u00e1 lugar ...<br \/><div class=\"pt-cv-rmwrap\"><a href=\"http:\/\/invistanoporto.com.br\/novo\/2013\/08\/14\/torre-lidador\/\" class=\"_self pt-cv-readmore btn btn-success\" target=\"_self\">Saiba Mais<\/a><\/div><\/div><\/div><\/div>\n<div class=\"col-md-6 col-sm-6 col-xs-12 pt-cv-content-item pt-cv-1-col\" ><div class='pt-cv-ifield'><a href=\"http:\/\/invistanoporto.com.br\/novo\/2013\/07\/23\/sloper\/\" class=\"_self pt-cv-href-thumbnail pt-cv-thumb-default\" target=\"_self\" ><img loading=\"lazy\" decoding=\"async\" width=\"285\" height=\"214\" src=\"http:\/\/invistanoporto.com.br\/novo\/wp-content\/uploads\/2013\/07\/sloper-300x232-285x214.jpg\" class=\"pt-cv-thumbnail\" alt=\"\" \/><\/a>\n<h4 class=\"pt-cv-title\"><a href=\"http:\/\/invistanoporto.com.br\/novo\/2013\/07\/23\/sloper\/\" class=\"_self\" target=\"_self\" >Sloper Corporate | 70% vendido<\/a><\/h4>\n<div class=\"pt-cv-content\">O charme do Centro do Rio est\u00e1 de volta! Sloper Corporate \u00e9 localizado onde tudo acontece, com restaurantes, metr\u00f4, livrarias, principais bancos, lojas e outros servi\u00e7os ao redor. A um quarteir\u00e3o da Av. Rio Branco ...<br \/><div class=\"pt-cv-rmwrap\"><a href=\"http:\/\/invistanoporto.com.br\/novo\/2013\/07\/23\/sloper\/\" class=\"_self pt-cv-readmore btn btn-success\" target=\"_self\">Saiba Mais<\/a><\/div><\/div><\/div><\/div>\n<div class=\"col-md-6 col-sm-6 col-xs-12 pt-cv-content-item pt-cv-1-col\" ><div class='pt-cv-ifield'><a href=\"http:\/\/invistanoporto.com.br\/novo\/2013\/07\/22\/porto-vida-residencial-2\/\" class=\"_self pt-cv-href-thumbnail pt-cv-thumb-default\" target=\"_self\" ><img loading=\"lazy\" decoding=\"async\" width=\"285\" height=\"133\" src=\"http:\/\/invistanoporto.com.br\/novo\/wp-content\/uploads\/2013\/07\/Capa-300x133-285x133.jpg\" class=\"pt-cv-thumbnail\" alt=\"\" \/><\/a>\n<h4 class=\"pt-cv-title\"><a href=\"http:\/\/invistanoporto.com.br\/novo\/2013\/07\/22\/porto-vida-residencial-2\/\" class=\"_self\" target=\"_self\" >Porto Vida Residencial | Abertura em breve<\/a><\/h4>\n<div class=\"pt-cv-content\">Conhe\u00e7a o 1\u00ba Residencial do Porto Maravilha - Porto Vida Residencial. S\u00e3o apartamentos de 2 quartos a partir de 65 m\u00b2 e 3 quartos com at\u00e9 89m\u00b2, todos com varanda e uma vaga coberta de ...<br \/><div class=\"pt-cv-rmwrap\"><a href=\"http:\/\/invistanoporto.com.br\/novo\/2013\/07\/22\/porto-vida-residencial-2\/\" class=\"_self pt-cv-readmore btn btn-success\" target=\"_self\">Saiba Mais<\/a><\/div><\/div><\/div><\/div>\n<div class=\"col-md-6 col-sm-6 col-xs-12 pt-cv-content-item pt-cv-1-col\" ><div class='pt-cv-ifield'><a href=\"http:\/\/invistanoporto.com.br\/novo\/2012\/10\/10\/porto-atlantico-business-square\/\" class=\"_self pt-cv-href-thumbnail pt-cv-thumb-default\" target=\"_self\" ><img loading=\"lazy\" decoding=\"async\" width=\"285\" height=\"214\" src=\"http:\/\/invistanoporto.com.br\/novo\/wp-content\/uploads\/2012\/10\/slider-Porto-Atlantico-300x232-285x214.jpg\" class=\"pt-cv-thumbnail\" alt=\"\" \/><\/a>\n<h4 class=\"pt-cv-title\"><a href=\"http:\/\/invistanoporto.com.br\/novo\/2012\/10\/10\/porto-atlantico-business-square\/\" class=\"_self\" target=\"_self\" >Porto Atl\u00e2ntico Business Square | 95% vendido<\/a><\/h4>\n<div class=\"pt-cv-content\">Apart hotel, salas, lojas e corporativos Lojas, salas comerciais, lajes corporativas e su\u00edtes hoteleiras no Porto Maravilha. Lojas com \u00e1rea privativa entre 38 e 200m\u00b2; salas comerciais com \u00e1rea privativa entre 27 e 35m\u00b2; espa\u00e7os ...<br \/><div class=\"pt-cv-rmwrap\"><a href=\"http:\/\/invistanoporto.com.br\/novo\/2012\/10\/10\/porto-atlantico-business-square\/\" class=\"_self pt-cv-readmore btn btn-success\" target=\"_self\">Saiba Mais<\/a><\/div><\/div><\/div><\/div>\n<div class=\"col-md-6 col-sm-6 col-xs-12 pt-cv-content-item pt-cv-1-col\" ><div class='pt-cv-ifield'><a href=\"http:\/\/invistanoporto.com.br\/novo\/2012\/08\/21\/teste-3\/\" class=\"_self pt-cv-href-thumbnail pt-cv-thumb-default\" target=\"_self\" ><img loading=\"lazy\" decoding=\"async\" width=\"285\" height=\"214\" src=\"http:\/\/invistanoporto.com.br\/novo\/wp-content\/uploads\/2012\/08\/ALFA2-300x275-285x214.jpg\" class=\"pt-cv-thumbnail\" alt=\"\" \/><\/a>\n<h4 class=\"pt-cv-title\"><a href=\"http:\/\/invistanoporto.com.br\/novo\/2012\/08\/21\/teste-3\/\" class=\"_self\" target=\"_self\" >Alfa Corporate | 90% vendido<\/a><\/h4>\n<div class=\"pt-cv-content\">Alfa Corporate - Salas e espa\u00e7os corporativos em S\u00e3o Cristov\u00e3o. Salas com \u00e1rea entre 24 e 36m\u00b2; com possibilidade de jun\u00e7\u00e3o de salas. Espa\u00e7os corporativos de 157 a 1700m\u00b2. Lobby com 10m de p\u00e9 direito; ...<br \/><div class=\"pt-cv-rmwrap\"><a href=\"http:\/\/invistanoporto.com.br\/novo\/2012\/08\/21\/teste-3\/\" class=\"_self pt-cv-readmore btn btn-success\" target=\"_self\">Saiba Mais<\/a><\/div><\/div><\/div><\/div>\n<div class=\"col-md-6 col-sm-6 col-xs-12 pt-cv-content-item pt-cv-1-col\" ><div class='pt-cv-ifield'><a href=\"http:\/\/invistanoporto.com.br\/novo\/2012\/08\/21\/arcos-123-corporate\/\" class=\"_self pt-cv-href-thumbnail pt-cv-thumb-default\" target=\"_self\" ><\/a>\n<h4 class=\"pt-cv-title\"><a href=\"http:\/\/invistanoporto.com.br\/novo\/2012\/08\/21\/arcos-123-corporate\/\" class=\"_self\" target=\"_self\" >Arcos 123 Corporate | 85% vendido<\/a><\/h4>\n<div class=\"pt-cv-content\">Loja e salas comerciais no Centro do Rio de Janeiro (Rua dos Invalidos 123). Composto de Loja com \u00e1rea privativa de 159,29m\u00b2 e Salas com \u00e1rea privativa entre 20,73 e 77,34m\u00b2. F\u00e1cil acesso a todos ...<br \/><div class=\"pt-cv-rmwrap\"><a href=\"http:\/\/invistanoporto.com.br\/novo\/2012\/08\/21\/arcos-123-corporate\/\" class=\"_self pt-cv-readmore btn btn-success\" target=\"_self\">Saiba Mais<\/a><\/div><\/div><\/div><\/div>\n<div class=\"col-md-6 col-sm-6 col-xs-12 pt-cv-content-item pt-cv-1-col\" ><div class='pt-cv-ifield'><a href=\"http:\/\/invistanoporto.com.br\/novo\/2012\/08\/17\/torres-de-40-andares-sobre-a-rodoviaria-novo\/\" class=\"_self pt-cv-href-thumbnail pt-cv-thumb-default\" target=\"_self\" ><\/a>\n<h4 class=\"pt-cv-title\"><a href=\"http:\/\/invistanoporto.com.br\/novo\/2012\/08\/17\/torres-de-40-andares-sobre-a-rodoviaria-novo\/\" class=\"_self\" target=\"_self\" >Torres de 40 andares sobre a Rodovi\u00e1ria Novo Rio<\/a><\/h4>\n<div class=\"pt-cv-content\">Fonte:\u00a0O Globo, Isabela bastos, 04\/jun Porto ter\u00e1 o maior pr\u00e9dio residencial do Rio Edif\u00edcio de 40 andares e 1.330 apartamentos far\u00e1 parte de conjunto que ser\u00e1 constru\u00eddo para as Olimp\u00edadas RIO - O conjunto de ...<br \/><div class=\"pt-cv-rmwrap\"><a href=\"http:\/\/invistanoporto.com.br\/novo\/2012\/08\/17\/torres-de-40-andares-sobre-a-rodoviaria-novo\/\" class=\"_self pt-cv-readmore btn btn-success\" target=\"_self\">Saiba Mais<\/a><\/div><\/div><\/div><\/div><\/div><\/div>\n<div class=\" pt-cv-pagination-wrapper\"><ul class=\"pt-cv-pagination pt-cv-ajax pagination\" data-totalpages=\"2\" data-currentpage=\"1\" data-sid=\"a0d64fcwfy\" data-unid=\"\" data-isblock=\"\" data-postid=\"\"><li class=\"active\"><a href=\"#\">1<\/a><\/li>\n\t<li ><a class=\"\" href=\"http:\/\/invistanoporto.com.br\/novo\/wp-json\/wp\/v2\/pages\/1055\/?_page=2\">2<\/a><\/li>\n\t<li ><a class=\" \" href=\"http:\/\/invistanoporto.com.br\/novo\/wp-json\/wp\/v2\/pages\/1055\/?_page=2\">&rsaquo;<\/a><\/li>\n\t<\/ul><img loading=\"lazy\" decoding=\"async\" width=\"15\" height=\"15\" class=\"pt-cv-spinner\" alt=\"Loading...\" src=\"data:image\/gif;base64,R0lGODlhDwAPALMPAMrKygwMDJOTkz09PZWVla+vr3p6euTk5M7OzuXl5TMzMwAAAJmZmWZmZszMzP\/\/\/yH\/C05FVFNDQVBFMi4wAwEAAAAh+QQFCgAPACwAAAAADwAPAAAEQvDJaZaZOIcV8iQK8VRX4iTYoAwZ4iCYoAjZ4RxejhVNoT+mRGP4cyF4Pp0N98sBGIBMEMOotl6YZ3S61Bmbkm4mAgAh+QQFCgAPACwAAAAADQANAAAENPDJSRSZeA418itN8QiK8BiLITVsFiyBBIoYqnoewAD4xPw9iY4XLGYSjkQR4UAUD45DLwIAIfkEBQoADwAsAAAAAA8ACQAABC\/wyVlamTi3nSdgwFNdhEJgTJoNyoB9ISYoQmdjiZPcj7EYCAeCF1gEDo4Dz2eIAAAh+QQFCgAPACwCAAAADQANAAAEM\/DJBxiYeLKdX3IJZT1FU0iIg2RNKx3OkZVnZ98ToRD4MyiDnkAh6BkNC0MvsAj0kMpHBAAh+QQFCgAPACwGAAAACQAPAAAEMDC59KpFDll73HkAA2wVY5KgiK5b0RRoI6MuzG6EQqCDMlSGheEhUAgqgUUAFRySIgAh+QQFCgAPACwCAAIADQANAAAEM\/DJKZNLND\/kkKaHc3xk+QAMYDKsiaqmZCxGVjSFFCxB1vwy2oOgIDxuucxAMTAJFAJNBAAh+QQFCgAPACwAAAYADwAJAAAEMNAs86q1yaWwwv2Ig0jUZx3OYa4XoRAfwADXoAwfo1+CIjyFRuEho60aSNYlOPxEAAAh+QQFCgAPACwAAAIADQANAAAENPA9s4y8+IUVcqaWJ4qEQozSoAzoIyhCK2NFU2SJk0hNnyEOhKR2AzAAj4Pj4GE4W0bkJQIAOw==\" \/><div class=\"clear pt-cv-clear-pagination\"><\/div><\/div><\/div>\n","protected":false},"excerpt":{"rendered":"","protected":false},"author":1,"featured_media":0,"parent":0,"menu_order":0,"comment_status":"closed","ping_status":"closed","template":"","meta":{"_acf_changed":false,"footnotes":""},"class_list":["post-1055","page","type-page","status-publish","hentry"],"acf":[],"_links":{"self":[{"href":"http:\/\/invistanoporto.com.br\/novo\/wp-json\/wp\/v2\/pages\/1055","targetHints":{"allow":["GET"]}}],"collection":[{"href":"http:\/\/invistanoporto.com.br\/novo\/wp-json\/wp\/v2\/pages"}],"about":[{"href":"http:\/\/invistanoporto.com.br\/novo\/wp-json\/wp\/v2\/types\/page"}],"author":[{"embeddable":true,"href":"http:\/\/invistanoporto.com.br\/novo\/wp-json\/wp\/v2\/users\/1"}],"replies":[{"embeddable":true,"href":"http:\/\/invistanoporto.com.br\/novo\/wp-json\/wp\/v2\/comments?post=1055"}],"version-history":[{"count":2,"href":"http:\/\/invistanoporto.com.br\/novo\/wp-json\/wp\/v2\/pages\/1055\/revisions"}],"predecessor-version":[{"id":1057,"href":"http:\/\/invistanoporto.com.br\/novo\/wp-json\/wp\/v2\/pages\/1055\/revisions\/1057"}],"wp:attachment":[{"href":"http:\/\/invistanoporto.com.br\/novo\/wp-json\/wp\/v2\/media?parent=1055"}],"curies":[{"name":"wp","href":"https:\/\/api.w.org\/{rel}","templated":true}]}}